{"id":690,"date":"2021-03-03T09:18:17","date_gmt":"2021-03-03T08:18:17","guid":{"rendered":"http:\/\/www.oleificiodellorto.it\/\/?post_type=product&#038;p=690"},"modified":"2025-05-19T07:59:18","modified_gmt":"2025-05-19T05:59:18","slug":"limonolio","status":"publish","type":"product","link":"https:\/\/oleificiodellorto.it\/index.php\/prodotto\/limonolio\/","title":{"rendered":"LIMONOLIO"},"content":{"rendered":"<p><span style=\"font-weight: 400;\">Ottenuto dalla particolare molitura combinata delle olive delle colline salernitane con i limoni della nostra terra, il limonolio \u00e8 un condimento raro, nuovo, prezioso. Unisce il nostro olio extravergine di oliva classico con il succo di limoni di alta qualit\u00e0: il connubio tra le due eccellenze rende il prodotto particolare, profumato e gustoso. \u00c8 il condimento pi\u00f9 nuovo per arricchire piatti di pollo, pesce ed insalate, con un semplice, unico tocco raffinato.\u00a0<\/span><\/p>\n","protected":false},"excerpt":{"rendered":"<p>Ottenuto dalla particolare molitura combinata delle olive delle colline salernitane con i limoni della nostra terra, il limonolio \u00e8 un condimento raro, nuovo, prezioso. Unisce il nostro olio extravergine di oliva classico con il succo di limoni di alta qualit\u00e0: il connubio tra le due eccellenze rende il prodotto particolare, profumato e gustoso. \u00c8 il [&hellip;]<\/p>\n","protected":false},"featured_media":707,"comment_status":"open","ping_status":"closed","template":"","meta":[],"product_brand":[],"product_cat":[21],"product_tag":[],"class_list":{"0":"post-690","1":"product","2":"type-product","3":"status-publish","4":"has-post-thumbnail","6":"product_cat-olio","8":"first","9":"instock","10":"shipping-taxable","11":"purchasable","12":"product-type-variable"},"_links":{"self":[{"href":"https:\/\/oleificiodellorto.it\/index.php\/wp-json\/wp\/v2\/product\/690","targetHints":{"allow":["GET"]}}],"collection":[{"href":"https:\/\/oleificiodellorto.it\/index.php\/wp-json\/wp\/v2\/product"}],"about":[{"href":"https:\/\/oleificiodellorto.it\/index.php\/wp-json\/wp\/v2\/types\/product"}],"replies":[{"embeddable":true,"href":"https:\/\/oleificiodellorto.it\/index.php\/wp-json\/wp\/v2\/comments?post=690"}],"wp:featuredmedia":[{"embeddable":true,"href":"https:\/\/oleificiodellorto.it\/index.php\/wp-json\/wp\/v2\/media\/707"}],"wp:attachment":[{"href":"https:\/\/oleificiodellorto.it\/index.php\/wp-json\/wp\/v2\/media?parent=690"}],"wp:term":[{"taxonomy":"product_brand","embeddable":true,"href":"https:\/\/oleificiodellorto.it\/index.php\/wp-json\/wp\/v2\/product_brand?post=690"},{"taxonomy":"product_cat","embeddable":true,"href":"https:\/\/oleificiodellorto.it\/index.php\/wp-json\/wp\/v2\/product_cat?post=690"},{"taxonomy":"product_tag","embeddable":true,"href":"https:\/\/oleificiodellorto.it\/index.php\/wp-json\/wp\/v2\/product_tag?post=690"}],"curies":[{"name":"wp","href":"https:\/\/api.w.org\/{rel}","templated":true}]}}