{"id":2440,"date":"2025-04-11T22:28:57","date_gmt":"2025-04-11T20:28:57","guid":{"rendered":"https:\/\/www.oleificiodellorto.it\/?page_id=2440"},"modified":"2025-04-11T22:29:51","modified_gmt":"2025-04-11T20:29:51","slug":"modalita-di-spedizione","status":"publish","type":"page","link":"https:\/\/oleificiodellorto.it\/index.php\/modalita-di-spedizione\/","title":{"rendered":"Modalit\u00e0 di Spedizione"},"content":{"rendered":"\t\t<div data-elementor-type=\"wp-page\" data-elementor-id=\"2440\" class=\"elementor elementor-2440\">\n\t\t\t\t\t\t<section class=\"elementor-section elementor-top-section elementor-element elementor-element-24b21b6 elementor-section-boxed elementor-section-height-default elementor-section-height-default\" data-id=\"24b21b6\" data-element_type=\"section\">\r\n\t\t\r\n\t\t\t\t\t\t\t<div class=\"elementor-container elementor-column-gap-default\">\r\n\t\t\t\t\t\t\t\t\t\t\t<div class=\"elementor-column elementor-col-100 elementor-top-column elementor-element elementor-element-6ee0ad8\" data-id=\"6ee0ad8\" data-element_type=\"column\">\r\n\t\t\t\t\t<div class=\"elementor-widget-wrap elementor-element-populated\">\r\n\t\t\t\t\t\t\t\t<div class=\"elementor-element elementor-element-7178b82 elementor-widget elementor-widget-text-editor\" data-id=\"7178b82\" data-element_type=\"widget\" data-widget_type=\"text-editor.default\">\n\t\t\t\t<div class=\"elementor-widget-container\">\n\t\t\t\t\t\t\t\t\t<p><strong>Modalit\u00e0 di spedizione e costi di spedizione<\/strong><\/p><p>Le nostre spedizioni vengono effettuate tramite Corriere Espresso. Quando le spedizioni avvengono tramite corriere espresso, a seguito della partenza dei prodotti ordinati il cliente ricever\u00e0 per e-mail il numero di spedizione (tracking number) con il quale potr\u00e0 seguire e rintracciare in tempo reale la spedizione. Tali informazioni verranno inviate direttamente dal corriere spedizioniere per garantire al cliente il 100% del servizio. La merce viene imballata e consegnata al corriere nei tempi e nelle condizioni sopra riportate o specificate su ogni scheda prodotto. La tempistica di consegna \u00e8 indicata nel proprio pannello utente all\u2019interno di ogni scheda ordine. Il numero di giorni necessari per la consegna \u00e8 assolutamente da considerarsi solamente per le giornate lavorative. Quando l\u2019ordine viene affidato al corriere i tempi di consegna variano da 1 a 2 giorni lavorativi (sono escluse le isole e le zone disagiate). I sopracitati tempi di consegna sono comunque indicativi e possono variare per fattori non dovuti alla nostra volont\u00e0 (maltempo, scioperi, \u2026). Se in contrassegno il corriere \u00e8 incaricato di ritirare la somma dovuta prima della consegna del pacco. In caso di assenza il corriere pu\u00f2 lasciare un avviso o tentare altre volte la consegna, dopo di che la merce sar\u00e0 posta in giacenza presso la sede di competenza per qualche altro giorno. In caso di ritiro presso la loro sede generalmente non sono previste spese aggiuntive. Consigliamo il cliente al momento della consegna della merce di verificare che il numero di colli corrisponda a quello indicato sul documento di trasporto e che l\u2019imballo sia integro e non presenti danni o evidenti alterazioni. Nel caso di difformit\u00e0, danni o evidenti alterazioni contestare immediatamente tali circostanze all\u2019incaricato della consegna, apponendo sul documento da firmare la dicitura \u201cRICEVUTO CON RISERVA \u2013 pacco danneggiato\u201d. Solo in questo modo sar\u00e0 possibile imputare al corriere eventuali danni derivanti dal trasporto a consegna avvenuta, diversamente il pacco si considera consegnato correttamente. In alcun modo\u00a0<strong>Oleificio Dell&#8217;Orto<\/strong>\u00a0pu\u00f2 essere ritenuto responsabile per mancanze verificatesi durante il trasporto.<\/p>\t\t\t\t\t\t\t\t<\/div>\n\t\t\t\t<\/div>\n\t\t\t\t\t<\/div>\r\n\t\t\t\t<\/div>\r\n\t\t\t\t\t<\/div>\r\n\t\t\t\t<\/section>\r\n\t\t\t\t<\/div>\n\t\t","protected":false},"excerpt":{"rendered":"<p>Modalit\u00e0 di spedizione e costi di spedizione Le nostre spedizioni vengono effettuate tramite Corriere Espresso. Quando le spedizioni avvengono tramite corriere espresso, a seguito della partenza dei prodotti ordinati il cliente ricever\u00e0 per e-mail il numero di spedizione (tracking number) con il quale potr\u00e0 seguire e rintracciare in tempo reale la spedizione. Tali informazioni verranno [&hellip;]<\/p>\n","protected":false},"author":1,"featured_media":0,"parent":0,"menu_order":0,"comment_status":"closed","ping_status":"closed","template":"","meta":{"footnotes":""},"class_list":["post-2440","page","type-page","status-publish","hentry"],"_links":{"self":[{"href":"https:\/\/oleificiodellorto.it\/index.php\/wp-json\/wp\/v2\/pages\/2440","targetHints":{"allow":["GET"]}}],"collection":[{"href":"https:\/\/oleificiodellorto.it\/index.php\/wp-json\/wp\/v2\/pages"}],"about":[{"href":"https:\/\/oleificiodellorto.it\/index.php\/wp-json\/wp\/v2\/types\/page"}],"author":[{"embeddable":true,"href":"https:\/\/oleificiodellorto.it\/index.php\/wp-json\/wp\/v2\/users\/1"}],"replies":[{"embeddable":true,"href":"https:\/\/oleificiodellorto.it\/index.php\/wp-json\/wp\/v2\/comments?post=2440"}],"version-history":[{"count":4,"href":"https:\/\/oleificiodellorto.it\/index.php\/wp-json\/wp\/v2\/pages\/2440\/revisions"}],"predecessor-version":[{"id":2444,"href":"https:\/\/oleificiodellorto.it\/index.php\/wp-json\/wp\/v2\/pages\/2440\/revisions\/2444"}],"wp:attachment":[{"href":"https:\/\/oleificiodellorto.it\/index.php\/wp-json\/wp\/v2\/media?parent=2440"}],"curies":[{"name":"wp","href":"https:\/\/api.w.org\/{rel}","templated":true}]}}