{"id":2432,"date":"2025-04-11T22:22:09","date_gmt":"2025-04-11T20:22:09","guid":{"rendered":"https:\/\/www.oleificiodellorto.it\/?page_id=2432"},"modified":"2025-04-11T22:24:22","modified_gmt":"2025-04-11T20:24:22","slug":"pagamenti","status":"publish","type":"page","link":"https:\/\/oleificiodellorto.it\/index.php\/pagamenti\/","title":{"rendered":"Pagamenti"},"content":{"rendered":"\t\t<div data-elementor-type=\"wp-page\" data-elementor-id=\"2432\" class=\"elementor elementor-2432\">\n\t\t\t\t\t\t<section class=\"elementor-section elementor-top-section elementor-element elementor-element-c9b23ad elementor-section-boxed elementor-section-height-default elementor-section-height-default\" data-id=\"c9b23ad\" data-element_type=\"section\">\r\n\t\t\r\n\t\t\t\t\t\t\t<div class=\"elementor-container elementor-column-gap-default\">\r\n\t\t\t\t\t\t\t\t\t\t\t<div class=\"elementor-column elementor-col-100 elementor-top-column elementor-element elementor-element-783041c\" data-id=\"783041c\" data-element_type=\"column\">\r\n\t\t\t\t\t<div class=\"elementor-widget-wrap elementor-element-populated\">\r\n\t\t\t\t\t\t\t\t<div class=\"elementor-element elementor-element-94114d0 elementor-widget elementor-widget-text-editor\" data-id=\"94114d0\" data-element_type=\"widget\" data-widget_type=\"text-editor.default\">\n\t\t\t\t<div class=\"elementor-widget-container\">\n\t\t\t\t\t\t\t\t\t<p><strong>Modalit\u00e0 di pagamento previste<\/strong><\/p><p>Sul sito oleificiodellorto.it puoi scegliere tra diverse modalit\u00e0 di pagamento, sono tutte garantite secondo i pi\u00f9 moderni standard di sicurezza.\u00a0<\/p><ul class=\"wp-block-list\"><li>Con carta di credito<\/li><li>Con PayPal<\/li><li>Con un bonifico bancario<\/li><\/ul><p><strong>Pagamento con carta di credito<\/strong><\/p><p>Per garantirti la massima sicurezza nei pagamenti, le transazioni on-line dei tuoi acquisti pagati con carta di credito vengono effettuate con certificazione Verisign, tramite un Server Sicuro che adotta il sistema di protezione SSL (Secure Socket Layer). Questo sistema si occupa di criptare le informazioni digitate, in modo da rendere impossibile la loro intercettazione. Al momento di pagare il tuo ordine con carta di credito, verrai inviato automaticamente a una pagina sicura (SSL) del sito Internet della banca che si occuper\u00e0 della transazione. In questa pagina puoi inserire i dati della tua carta (numero e data di scadenza) in modo assolutamente sicuro. I dati vengono infatti direttamente trasmessi alla Banca, offrendoti il massimo della garanzia. A differenza di quanto avviene in un esercizio commerciale tradizionale (dove i dati della tua carta passano sotto gli occhi del titolare, del commesso, del cameriere) la transazione online diventa assolutamente sicura perch\u00e9 nessuno (nemmeno noi) pu\u00f2 venire a conoscenza dei codici delle Carte di Credito utilizzate dai suoi clienti. Il codice viene utilizzato solamente per la operazione di pagamento; se il pagamento va a buon fine, la conferma \u00e8 immediata riceviamo dalla Banca solo un numero di scontrino. Del codice della Carta di Credito non rimane traccia in nessuno dei nostri archivi. * Oleificio Dell&#8217;Orto si riserva la facolt\u00e0 di richiedere al Cliente informazioni integrative (ad es. numero di telefono fisso) o l\u2019invio di copia di documenti comprovanti la titolarit\u00e0 della Carta utilizzata. In mancanza della documentazione richiesta, ci riserviamo la facolt\u00e0 di non accettare l\u2019ordine.<\/p><p><strong>Con il tuo account PayPal<\/strong><\/p><p>Il funzionamento di Paypal \u00e8 molto simile a quello di un comune conto corrente bancario, dopo aver aperto il conto si pu\u00f2 inviare o ricevere denaro, effettuare pagamenti online velocemente. Inoltre PayPal rispetta i pi\u00f9 elevati standard di sicurezza sul mercato e dispone di tecnologie antifrode che proteggono ogni transazione. Se hai gi\u00e0 un account PayPal e decidi di acquistare con questa modalit\u00e0, dopo l\u2019invio dell\u2019ordine verrai diretto alla pagina di cassa di PayPal (transazione sicura e protetta SSL) dove ti baster\u00e0 inserire le tue credenziali di accesso scelte in fase di registrazione a PayPal. Se vuoi usufruire di questa modalit\u00e0 di pagamento ma non sei registrato al servizio PayPal visita il sito www.paypal.it. * Oleificio Dell&#8217;Orto si riserva la facolt\u00e0 di richiedere al Cliente informazioni integrative (ad es. numero di telefono fisso) atte a determinare l\u2019effettiva titolarit\u00e0 del conto PayPal. In mancanza della documentazione richiesta, Oleificio Dell&#8217;Orto si riserva la facolt\u00e0 di non accettare l\u2019ordine.<\/p><p><strong>Pagamento con bonifico bancario anticipato<\/strong><\/p><p>Se lo preferisci puoi pagare il tuo ordine con un bonifico bancario alle coordinate bancarie che ti verranno indicate dopo l\u2019invio dell\u2019ordine (nell\u2019arco delle 24 ore lavorative successive all\u2019ordine). Ricordati che la merce verr\u00e0 mantenuta impegnata fino al ricevimento della prova di avvenuto bonifico (ricevuta cartacea o conferma del bonifico online) che dovrai inviarci via e-mail (tali recapiti ti verranno indicati in fase d\u2019ordine) entro e non oltre 3 giorni lavorativi dalla data di accettazione dell\u2019ordine. La causale del bonifico dovr\u00e0 riportare: il numero di riferimento, la data di effettuazione e nome\/cognome dell\u2019intestatario dell\u2019ordine. La forma di pagamento Bonifico Anticipato non comporta nessun costo aggiuntivo nella transazione dell\u2019ordine.<\/p>\t\t\t\t\t\t\t\t<\/div>\n\t\t\t\t<\/div>\n\t\t\t\t\t<\/div>\r\n\t\t\t\t<\/div>\r\n\t\t\t\t\t<\/div>\r\n\t\t\t\t<\/section>\r\n\t\t\t\t<\/div>\n\t\t","protected":false},"excerpt":{"rendered":"<p>Modalit\u00e0 di pagamento previste Sul sito oleificiodellorto.it puoi scegliere tra diverse modalit\u00e0 di pagamento, sono tutte garantite secondo i pi\u00f9 moderni standard di sicurezza.\u00a0 Con carta di credito Con PayPal Con un bonifico bancario Pagamento con carta di credito Per garantirti la massima sicurezza nei pagamenti, le transazioni on-line dei tuoi acquisti pagati con carta [&hellip;]<\/p>\n","protected":false},"author":1,"featured_media":0,"parent":0,"menu_order":0,"comment_status":"closed","ping_status":"closed","template":"","meta":{"footnotes":""},"class_list":["post-2432","page","type-page","status-publish","hentry"],"_links":{"self":[{"href":"https:\/\/oleificiodellorto.it\/index.php\/wp-json\/wp\/v2\/pages\/2432","targetHints":{"allow":["GET"]}}],"collection":[{"href":"https:\/\/oleificiodellorto.it\/index.php\/wp-json\/wp\/v2\/pages"}],"about":[{"href":"https:\/\/oleificiodellorto.it\/index.php\/wp-json\/wp\/v2\/types\/page"}],"author":[{"embeddable":true,"href":"https:\/\/oleificiodellorto.it\/index.php\/wp-json\/wp\/v2\/users\/1"}],"replies":[{"embeddable":true,"href":"https:\/\/oleificiodellorto.it\/index.php\/wp-json\/wp\/v2\/comments?post=2432"}],"version-history":[{"count":4,"href":"https:\/\/oleificiodellorto.it\/index.php\/wp-json\/wp\/v2\/pages\/2432\/revisions"}],"predecessor-version":[{"id":2436,"href":"https:\/\/oleificiodellorto.it\/index.php\/wp-json\/wp\/v2\/pages\/2432\/revisions\/2436"}],"wp:attachment":[{"href":"https:\/\/oleificiodellorto.it\/index.php\/wp-json\/wp\/v2\/media?parent=2432"}],"curies":[{"name":"wp","href":"https:\/\/api.w.org\/{rel}","templated":true}]}}