{"id":2014,"date":"2021-10-06T09:38:17","date_gmt":"2021-10-06T07:38:17","guid":{"rendered":"http:\/\/www.oleificiodellorto.it\/?page_id=2014"},"modified":"2021-10-06T09:41:53","modified_gmt":"2021-10-06T07:41:53","slug":"privacy-policy-2","status":"publish","type":"page","link":"https:\/\/oleificiodellorto.it\/index.php\/privacy-policy-2\/","title":{"rendered":"Privacy Policy"},"content":{"rendered":"\t\t<div data-elementor-type=\"wp-page\" data-elementor-id=\"2014\" class=\"elementor elementor-2014\">\n\t\t\t\t\t\t<section class=\"elementor-section elementor-top-section elementor-element elementor-element-8919e12 elementor-section-boxed elementor-section-height-default elementor-section-height-default\" data-id=\"8919e12\" data-element_type=\"section\">\r\n\t\t\r\n\t\t\t\t\t\t\t<div class=\"elementor-container elementor-column-gap-default\">\r\n\t\t\t\t\t\t\t\t\t\t\t<div class=\"elementor-column elementor-col-100 elementor-top-column elementor-element elementor-element-88e0ab3\" data-id=\"88e0ab3\" data-element_type=\"column\">\r\n\t\t\t\t\t<div class=\"elementor-widget-wrap elementor-element-populated\">\r\n\t\t\t\t\t\t\t\t<div class=\"elementor-element elementor-element-755f1ae elementor-widget elementor-widget-heading\" data-id=\"755f1ae\" data-element_type=\"widget\" data-widget_type=\"heading.default\">\n\t\t\t\t<div class=\"elementor-widget-container\">\n\t\t\t\t\t<h2 class=\"elementor-heading-title elementor-size-default\">PRIVACY POLICY<\/h2>\t\t\t\t<\/div>\n\t\t\t\t<\/div>\n\t\t\t\t\t<\/div>\r\n\t\t\t\t<\/div>\r\n\t\t\t\t\t<\/div>\r\n\t\t\t\t<\/section>\r\n\t\t\t\t<section class=\"elementor-section elementor-top-section elementor-element elementor-element-279251b elementor-section-boxed elementor-section-height-default elementor-section-height-default\" data-id=\"279251b\" data-element_type=\"section\">\r\n\t\t\r\n\t\t\t\t\t\t\t<div class=\"elementor-container elementor-column-gap-default\">\r\n\t\t\t\t\t\t\t\t\t\t\t<div class=\"elementor-column elementor-col-100 elementor-top-column elementor-element elementor-element-587e6a1\" data-id=\"587e6a1\" data-element_type=\"column\">\r\n\t\t\t\t\t<div class=\"elementor-widget-wrap elementor-element-populated\">\r\n\t\t\t\t\t\t\t\t<div class=\"elementor-element elementor-element-9ee4cfc elementor-widget elementor-widget-text-editor\" data-id=\"9ee4cfc\" data-element_type=\"widget\" data-widget_type=\"text-editor.default\">\n\t\t\t\t<div class=\"elementor-widget-container\">\n\t\t\t\t\t\t\t\t\t<p><strong>TITOLARE DEL TRATTAMENTO E CONTATTI<\/strong><br \/>Il Titolare del trattamento dei Suoi dati personali \u00e8 Polidoro Dell\u2019Orto amministratore unico del societ\u00e0 <strong>Oleificio Dell\u2019Orto SAS<\/strong> P.IVA: 02600500652 accessibile ai seguenti contatti: mail: <strong><a href=\"mailto:oleificiodellorto@gmail.com\">oleificiodellorto@gmail.com<\/a><\/strong><\/p><p><strong>RESPONSABILE DELLA PROTEZIONE DEI DATI PERSONALI<\/strong> <br \/>Polidoro Dell\u2019Orto non ha nominato un Responsabile della Protezione dei Dati (DPO), in quanto non effettua trattamenti che lo impongano per legge, in particolare non effettua trattamenti che, per loro natura, ambito di applicazione e\/o finalit\u00e0, richiedano il monitoraggio regolare e sistematico degli interessati su larga scala, n\u00e9 trattamenti, su larga scala, di categorie particolari di dati personali di cui all\u2019articolo 9 RGPD o di dati relativi a condanne penali e a reati di cui all\u2019articolo 10 RGPD.<\/p><p><strong>MODALIT\u00c0 DEL TRATTAMENTO<\/strong><br \/>Il trattamento dei dati sar\u00e0 effettuato in conformit\u00e0 con quanto previsto dall\u2019art. 32 del Regolamento e avverr\u00e0 mediante l\u2019ausilio di mezzi informatici e telematici, oltre che manuali e cartacei.<\/p><p>Il Titolare adotta adeguate misure di sicurezza tecniche e organizzative, in conformit\u00e0 a quanto disposto dal RGPD, al fine di ridurre al minimo i rischi che incombono sui Suoi dati personali, quali la distruzione o perdita, anche accidentale, l\u2019accesso non autorizzato o il trattamento non consentito o non conforme alle finalit\u00e0 di raccolta, come definite nella presente Informativa<\/p><p>I Suoi dati personali acquisiti e trattati da Polidoro Dell\u2019Orto amministratore unico del societ\u00e0 Oleificio Dell\u2019Orto per le finalit\u00e0 di cui sopra saranno trattati esclusivamente da addetti debitamente autorizzati e opportunamente formati.<\/p><p><strong>I SUOI DIRITTI COME INTERESSATO<\/strong><br \/>La informiamo che il Regolamento europeo le riconosce alcuni diritti, tra cui il diritto di accesso e di rettifica, o di cancellazione o di limitazione o di opposizione al trattamento, oltre al diritto alla portabilit\u00e0 dei dati, se ed in quanto applicabili (articoli da 15 a 22 del Regolamento UE n. 679 del 2016), che potr\u00e0 far valere rivolgendo apposita richiesta al Titolare del trattamento come indicato sopra. Pu\u00f2 inoltre proporre reclamo all\u2019autorit\u00e0 di controllo, secondo le procedure previste dalla normativa vigente. nella Sua qualit\u00e0 di interessato.<\/p>\t\t\t\t\t\t\t\t<\/div>\n\t\t\t\t<\/div>\n\t\t\t\t\t<\/div>\r\n\t\t\t\t<\/div>\r\n\t\t\t\t\t<\/div>\r\n\t\t\t\t<\/section>\r\n\t\t\t\t<\/div>\n\t\t","protected":false},"excerpt":{"rendered":"<p>PRIVACY POLICY TITOLARE DEL TRATTAMENTO E CONTATTIIl Titolare del trattamento dei Suoi dati personali \u00e8 Polidoro Dell\u2019Orto amministratore unico del societ\u00e0 Oleificio Dell\u2019Orto SAS P.IVA: 02600500652 accessibile ai seguenti contatti: mail: oleificiodellorto@gmail.com RESPONSABILE DELLA PROTEZIONE DEI DATI PERSONALI Polidoro Dell\u2019Orto non ha nominato un Responsabile della Protezione dei Dati (DPO), in quanto non effettua trattamenti [&hellip;]<\/p>\n","protected":false},"author":1,"featured_media":0,"parent":0,"menu_order":0,"comment_status":"closed","ping_status":"closed","template":"","meta":{"footnotes":""},"class_list":["post-2014","page","type-page","status-publish","hentry"],"_links":{"self":[{"href":"https:\/\/oleificiodellorto.it\/index.php\/wp-json\/wp\/v2\/pages\/2014","targetHints":{"allow":["GET"]}}],"collection":[{"href":"https:\/\/oleificiodellorto.it\/index.php\/wp-json\/wp\/v2\/pages"}],"about":[{"href":"https:\/\/oleificiodellorto.it\/index.php\/wp-json\/wp\/v2\/types\/page"}],"author":[{"embeddable":true,"href":"https:\/\/oleificiodellorto.it\/index.php\/wp-json\/wp\/v2\/users\/1"}],"replies":[{"embeddable":true,"href":"https:\/\/oleificiodellorto.it\/index.php\/wp-json\/wp\/v2\/comments?post=2014"}],"version-history":[{"count":4,"href":"https:\/\/oleificiodellorto.it\/index.php\/wp-json\/wp\/v2\/pages\/2014\/revisions"}],"predecessor-version":[{"id":2018,"href":"https:\/\/oleificiodellorto.it\/index.php\/wp-json\/wp\/v2\/pages\/2014\/revisions\/2018"}],"wp:attachment":[{"href":"https:\/\/oleificiodellorto.it\/index.php\/wp-json\/wp\/v2\/media?parent=2014"}],"curies":[{"name":"wp","href":"https:\/\/api.w.org\/{rel}","templated":true}]}}